{"id":326,"date":"2025-11-05T18:00:38","date_gmt":"2025-11-05T18:00:38","guid":{"rendered":"https:\/\/impactpreneuriat.com\/re\/panier\/"},"modified":"2025-12-31T11:12:38","modified_gmt":"2025-12-31T11:12:38","slug":"panier","status":"publish","type":"page","link":"https:\/\/impactpreneuriat.com\/re\/panier\/","title":{"rendered":"Panier"},"content":{"rendered":"\t\t<div data-elementor-type=\"wp-page\" data-elementor-id=\"326\" class=\"elementor elementor-326\" data-elementor-post-type=\"page\">\n\t\t\t\t<div class=\"elementor-element elementor-element-1b28736e e-flex e-con-boxed e-con e-parent\" data-id=\"1b28736e\" data-element_type=\"container\" data-e-type=\"container\">\n\t\t\t\t\t<div class=\"e-con-inner\">\n\t\t\t\t\t<\/div>\n\t\t\t\t<\/div>\n\t\t\t\t<\/div>\n\t\t","protected":false},"excerpt":{"rendered":"<p>Supprimer l\u2019\u00e9l\u00e9ment Miniature Produit Prix Quantit\u00e9 Sous-total &times; Pass Standard 7 700&nbsp;CFA quantit\u00e9 de Pass Standard 7 700&nbsp;CFA &times; Pass Premium 20 300&nbsp;CFA quantit\u00e9 de Pass Premium 20 300&nbsp;CFA Valider le code promo Totals Sous-total 28 000&nbsp;CFA Total 28 000&nbsp;CFA Valider mon paiement<\/p>\n","protected":false},"author":1,"featured_media":0,"parent":0,"menu_order":0,"comment_status":"closed","ping_status":"closed","template":"elementor_header_footer","meta":{"iawp_total_views":74,"footnotes":""},"class_list":["post-326","page","type-page","status-publish","hentry"],"aioseo_notices":[],"_links":{"self":[{"href":"https:\/\/impactpreneuriat.com\/re\/wp-json\/wp\/v2\/pages\/326","targetHints":{"allow":["GET"]}}],"collection":[{"href":"https:\/\/impactpreneuriat.com\/re\/wp-json\/wp\/v2\/pages"}],"about":[{"href":"https:\/\/impactpreneuriat.com\/re\/wp-json\/wp\/v2\/types\/page"}],"author":[{"embeddable":true,"href":"https:\/\/impactpreneuriat.com\/re\/wp-json\/wp\/v2\/users\/1"}],"replies":[{"embeddable":true,"href":"https:\/\/impactpreneuriat.com\/re\/wp-json\/wp\/v2\/comments?post=326"}],"version-history":[{"count":19,"href":"https:\/\/impactpreneuriat.com\/re\/wp-json\/wp\/v2\/pages\/326\/revisions"}],"predecessor-version":[{"id":559,"href":"https:\/\/impactpreneuriat.com\/re\/wp-json\/wp\/v2\/pages\/326\/revisions\/559"}],"wp:attachment":[{"href":"https:\/\/impactpreneuriat.com\/re\/wp-json\/wp\/v2\/media?parent=326"}],"curies":[{"name":"wp","href":"https:\/\/api.w.org\/{rel}","templated":true}]}}